{"id":423,"date":"2024-12-09T10:37:44","date_gmt":"2024-12-09T09:37:44","guid":{"rendered":"https:\/\/calperedelmaset.inaudit.io\/contacto\/"},"modified":"2025-10-09T10:46:24","modified_gmt":"2025-10-09T08:46:24","slug":"contacto","status":"publish","type":"page","link":"http:\/\/15.188.161.146\/es\/contacto\/","title":{"rendered":"Contacto"},"content":{"rendered":"\t\t<div data-elementor-type=\"wp-page\" data-elementor-id=\"423\" class=\"elementor elementor-423 elementor-35\" data-elementor-post-type=\"page\">\n\t\t\t\t<div data-particle_enable=\"false\" data-particle-mobile-disabled=\"false\" class=\"elementor-element elementor-element-f253d2a e-flex e-con-boxed e-con e-parent\" data-id=\"f253d2a\" data-element_type=\"container\" data-settings=\"{&quot;background_background&quot;:&quot;classic&quot;}\">\n\t\t\t\t\t<div class=\"e-con-inner\">\n\t\t\t\t<div class=\"elementor-element elementor-element-4e76231c elementor-widget elementor-widget-heading\" data-id=\"4e76231c\" data-element_type=\"widget\" data-widget_type=\"heading.default\">\n\t\t\t\t<div class=\"elementor-widget-container\">\n\t\t\t\t\t<h3 class=\"elementor-heading-title elementor-size-default\">Para reservas o consultas<\/h3>\t\t\t\t<\/div>\n\t\t\t\t<\/div>\n\t\t\t\t<div class=\"elementor-element elementor-element-525b066b elementor-widget elementor-widget-heading\" data-id=\"525b066b\" data-element_type=\"widget\" data-widget_type=\"heading.default\">\n\t\t\t\t<div class=\"elementor-widget-container\">\n\t\t\t\t\t<h1 class=\"elementor-heading-title elementor-size-default\">contacta con nosotros<\/h1>\t\t\t\t<\/div>\n\t\t\t\t<\/div>\n\t\t\t\t\t<\/div>\n\t\t\t\t<\/div>\n\t\t<div data-particle_enable=\"false\" data-particle-mobile-disabled=\"false\" class=\"elementor-element elementor-element-5b026d91 e-flex e-con-boxed e-con e-parent\" data-id=\"5b026d91\" data-element_type=\"container\">\n\t\t\t\t\t<div class=\"e-con-inner\">\n\t\t<div data-particle_enable=\"false\" data-particle-mobile-disabled=\"false\" class=\"elementor-element elementor-element-42ba8029 e-con-full e-flex e-con e-child\" data-id=\"42ba8029\" data-element_type=\"container\">\n\t\t\t\t<div class=\"elementor-element elementor-element-73912957 elementor-widget elementor-widget-heading\" data-id=\"73912957\" data-element_type=\"widget\" data-widget_type=\"heading.default\">\n\t\t\t\t<div class=\"elementor-widget-container\">\n\t\t\t\t\t<h3 class=\"elementor-heading-title elementor-size-default\">Nos puedes encontrar:  <\/h3>\t\t\t\t<\/div>\n\t\t\t\t<\/div>\n\t\t\t\t<div class=\"elementor-element elementor-element-261aad80 elementor-position-left elementor-view-default elementor-mobile-position-top elementor-vertical-align-top elementor-widget elementor-widget-icon-box\" data-id=\"261aad80\" data-element_type=\"widget\" data-widget_type=\"icon-box.default\">\n\t\t\t\t<div class=\"elementor-widget-container\">\n\t\t\t\t\t\t\t<div class=\"elementor-icon-box-wrapper\">\n\n\t\t\t\t\t\t<div class=\"elementor-icon-box-icon\">\n\t\t\t\t<span  class=\"elementor-icon\">\n\t\t\t\t<svg xmlns=\"http:\/\/www.w3.org\/2000\/svg\" id=\"a45316fc-c164-48ff-9ecb-548d1c93f18e\" data-name=\"Layer 1\" width=\"59\" height=\"59\" viewBox=\"0 0 59 59\"><title>Phone icon<\/title><path d=\"M58.084,46.314l-11.13-11.13a3.1287,3.1287,0,0,0-4.4227,0l-6.94,6.94a40.0162,40.0162,0,0,1-7.8546-5.0874,1.1354,1.1354,0,0,0-1.4637,1.7362,44.2288,44.2288,0,0,0,9.0114,5.7508,1.1353,1.1353,0,0,0,1.324-.2058l3.7341-3.7335,12.31,12.31c-3.9761,3.4133-9.6071,4.6017-16,3.3448-7.19-1.414-14.7985-5.8408-21.4238-12.4661S4.1757,29.5386,2.7617,22.3486c-1.2569-6.3938-.0685-12.0248,3.3441-16L18.4176,18.66l-3.7352,3.7347a1.1352,1.1352,0,0,0-.2052,1.3246,42.12,42.12,0,0,0,8.6554,12.1505,1.1354,1.1354,0,0,0,1.6057-1.6058,38.5881,38.5881,0,0,1-7.8615-10.8516L23.8177,16.47a3.1273,3.1273,0,0,0,0-4.4227L12.6867.9166A3.1265,3.1265,0,0,0,8.264.916L5.2717,3.9083C.718,8.462-.9648,15.1668.5333,22.7864c1.5,7.6278,6.1483,15.6514,13.0893,22.5924S28.5865,56.9675,36.2142,58.4669A27.3421,27.3421,0,0,0,41.488,59a18.7388,18.7388,0,0,0,13.6043-5.2715l2.9917-2.9917a3.1274,3.1274,0,0,0,0-4.4228ZM9.87,2.5217a.8567.8567,0,0,1,1.2111,0L22.2125,13.6534a.8566.8566,0,0,1,0,1.2112l-2.1891,2.1891L7.6806,4.7109ZM56.4788,49.131l-2.19,2.1891L41.9481,38.9785l2.1892-2.1891a.8564.8564,0,0,1,1.2111,0l11.13,11.13A.8583.8583,0,0,1,56.4788,49.131Z\" transform=\"translate(0)\"><\/path><\/svg>\t\t\t\t<\/span>\n\t\t\t<\/div>\n\t\t\t\n\t\t\t\t\t\t<div class=\"elementor-icon-box-content\">\n\n\t\t\t\t\t\t\t\t\t<h3 class=\"elementor-icon-box-title\">\n\t\t\t\t\t\t<span  >\n\t\t\t\t\t\t\tLl\u00e1manos\t\t\t\t\t\t<\/span>\n\t\t\t\t\t<\/h3>\n\t\t\t\t\n\t\t\t\t\t\t\t\t\t<p class=\"elementor-icon-box-description\">\n\t\t\t\t\t\t93.899.30.28\t\t\t\t\t<\/p>\n\t\t\t\t\n\t\t\t<\/div>\n\t\t\t\n\t\t<\/div>\n\t\t\t\t\t\t<\/div>\n\t\t\t\t<\/div>\n\t\t\t\t<div class=\"elementor-element elementor-element-6e6f1b5d elementor-position-left elementor-view-default elementor-mobile-position-top elementor-vertical-align-top elementor-widget elementor-widget-icon-box\" data-id=\"6e6f1b5d\" data-element_type=\"widget\" data-widget_type=\"icon-box.default\">\n\t\t\t\t<div class=\"elementor-widget-container\">\n\t\t\t\t\t\t\t<div class=\"elementor-icon-box-wrapper\">\n\n\t\t\t\t\t\t<div class=\"elementor-icon-box-icon\">\n\t\t\t\t<span  class=\"elementor-icon\">\n\t\t\t\t<svg xmlns=\"http:\/\/www.w3.org\/2000\/svg\" id=\"be038b4d-830e-4cbc-8ae3-63b3b68c063d\" data-name=\"Layer 1\" width=\"41.8891\" height=\"59.9999\" viewBox=\"0 0 41.8891 59.9999\"><title>ADDRESS icon<\/title><path d=\"M28.5335,49.2449c1.1062-1.0417,2.1674-2.1328,3.159-3.2487A42.7863,42.7863,0,0,0,38.69,35.4151,34.6213,34.6213,0,0,0,41.8892,20.933,20.9446,20.9446,0,0,0,0,20.933,32.6425,32.6425,0,0,0,3.2684,34.8813a1.1175,1.1175,0,0,0,1.0073.6387,1.1123,1.1123,0,0,0,1.006-1.5855A30.4377,30.4377,0,0,1,2.2249,20.933a18.72,18.72,0,0,1,37.4392,0A32.4127,32.4127,0,0,1,36.68,34.4612a40.5294,40.5294,0,0,1-6.6142,10.0171,47.9408,47.9408,0,0,1-9.0625,7.9485A64.1144,64.1144,0,0,1,7.02,37.1835a1.1123,1.1123,0,1,0-1.8885,1.1758,59.3989,59.3989,0,0,0,8.7934,10.786,38.6982,38.6982,0,0,0-7.5014,1.41c-3.0333.9605-4.5734,2.2391-4.5777,3.8-.0048,1.8084,2.0476,3.243,6.1,4.2642A56.2435,56.2435,0,0,0,20.9318,60h.1959a55.965,55.965,0,0,0,12.7929-1.3118c4.0579-1,6.1179-2.4234,6.1228-4.2318C40.052,51.1387,33.06,49.7778,28.5335,49.2449Zm4.8544,7.2844a53.677,53.677,0,0,1-12.2507,1.2471l-.2016,0A53.9584,53.9584,0,0,1,8.49,56.4637c-3.5987-.9068-4.401-1.89-4.4189-2.1016,0-.1737.5129-.8406,2.784-1.5984a37.7388,37.7388,0,0,1,9.2373-1.5713c2.3376,2.1177,4.0105,3.3533,4.1954,3.4885a1.1135,1.1135,0,0,0,1.2256.0584,40.3571,40.3571,0,0,0,4.7582-3.4859,34.65,34.65,0,0,1,9.1624,1.7145c1.9613.7335,2.3846,1.3659,2.3846,1.481C37.7994,54.6624,36.9916,55.6415,33.3879,56.5293Z\" transform=\"translate(-0.0001 -0.0001)\" style=\"fill-rule:evenodd\"><\/path><path d=\"M21.111,14.2668a6.778,6.778,0,0,1,6.6259,5.1455,1.1413,1.1413,0,0,0,1.1146.8675,1.1638,1.1638,0,0,0,.27-.032,1.1383,1.1383,0,0,0,.71-.5109,1.1148,1.1148,0,0,0,.1361-.857,9.0018,9.0018,0,1,0-.042,4.4043,1.1129,1.1129,0,0,0-.12-.8594,1.1378,1.1378,0,0,0-.7-.5239,1.1635,1.1635,0,0,0-.2913-.0372,1.1451,1.1451,0,0,0-1.1091.8467,6.8058,6.8058,0,1,1-6.5947-8.4436Z\" transform=\"translate(-0.0001 -0.0001)\" style=\"fill-rule:evenodd\"><\/path><\/svg>\t\t\t\t<\/span>\n\t\t\t<\/div>\n\t\t\t\n\t\t\t\t\t\t<div class=\"elementor-icon-box-content\">\n\n\t\t\t\t\t\t\t\t\t<h3 class=\"elementor-icon-box-title\">\n\t\t\t\t\t\t<span  >\n\t\t\t\t\t\t\tDIRECCI\u00d3N\t\t\t\t\t\t<\/span>\n\t\t\t\t\t<\/h3>\n\t\t\t\t\n\t\t\t\t\t\t\t\t\t<p class=\"elementor-icon-box-description\">\n\t\t\t\t\t\tPonent 20, Sant Pau d'Ordal\t\t\t\t\t<\/p>\n\t\t\t\t\n\t\t\t<\/div>\n\t\t\t\n\t\t<\/div>\n\t\t\t\t\t\t<\/div>\n\t\t\t\t<\/div>\n\t\t\t\t<div class=\"elementor-element elementor-element-66c565f elementor-position-left elementor-view-default elementor-mobile-position-top elementor-vertical-align-top elementor-widget elementor-widget-icon-box\" data-id=\"66c565f\" data-element_type=\"widget\" data-widget_type=\"icon-box.default\">\n\t\t\t\t<div class=\"elementor-widget-container\">\n\t\t\t\t\t\t\t<div class=\"elementor-icon-box-wrapper\">\n\n\t\t\t\t\t\t<div class=\"elementor-icon-box-icon\">\n\t\t\t\t<a href=\"mailto:info@calperedelmaset.com\" class=\"elementor-icon\" tabindex=\"-1\" aria-label=\"correo electr\u00f3nico\">\n\t\t\t\t<svg aria-hidden=\"true\" class=\"e-font-icon-svg e-far-envelope\" viewBox=\"0 0 512 512\" xmlns=\"http:\/\/www.w3.org\/2000\/svg\"><path d=\"M464 64H48C21.49 64 0 85.49 0 112v288c0 26.51 21.49 48 48 48h416c26.51 0 48-21.49 48-48V112c0-26.51-21.49-48-48-48zm0 48v40.805c-22.422 18.259-58.168 46.651-134.587 106.49-16.841 13.247-50.201 45.072-73.413 44.701-23.208.375-56.579-31.459-73.413-44.701C106.18 199.465 70.425 171.067 48 152.805V112h416zM48 400V214.398c22.914 18.251 55.409 43.862 104.938 82.646 21.857 17.205 60.134 55.186 103.062 54.955 42.717.231 80.509-37.199 103.053-54.947 49.528-38.783 82.032-64.401 104.947-82.653V400H48z\"><\/path><\/svg>\t\t\t\t<\/a>\n\t\t\t<\/div>\n\t\t\t\n\t\t\t\t\t\t<div class=\"elementor-icon-box-content\">\n\n\t\t\t\t\t\t\t\t\t<h3 class=\"elementor-icon-box-title\">\n\t\t\t\t\t\t<a href=\"mailto:info@calperedelmaset.com\" >\n\t\t\t\t\t\t\tcorreo electr\u00f3nico\t\t\t\t\t\t<\/a>\n\t\t\t\t\t<\/h3>\n\t\t\t\t\n\t\t\t\t\t\t\t\t\t<p class=\"elementor-icon-box-description\">\n\t\t\t\t\t\tinfo@calperedelmaset.com\t\t\t\t\t<\/p>\n\t\t\t\t\n\t\t\t<\/div>\n\t\t\t\n\t\t<\/div>\n\t\t\t\t\t\t<\/div>\n\t\t\t\t<\/div>\n\t\t\t\t<div class=\"elementor-element elementor-element-5f915fb6 elementor-position-left elementor-view-default elementor-mobile-position-top elementor-vertical-align-top elementor-widget elementor-widget-icon-box\" data-id=\"5f915fb6\" data-element_type=\"widget\" data-widget_type=\"icon-box.default\">\n\t\t\t\t<div class=\"elementor-widget-container\">\n\t\t\t\t\t\t\t<div class=\"elementor-icon-box-wrapper\">\n\n\t\t\t\t\t\t<div class=\"elementor-icon-box-icon\">\n\t\t\t\t<span  class=\"elementor-icon\">\n\t\t\t\t<svg xmlns=\"http:\/\/www.w3.org\/2000\/svg\" id=\"bab5aae0-1674-415e-bec1-afcc42ef98e7\" data-name=\"Layer 1\" width=\"60\" height=\"60\" viewBox=\"0 0 60 60\"><title>OPENING HOURS icon<\/title><path d=\"M51.2132,8.7868A30,30,0,1,0,8.7868,51.2132,30,30,0,1,0,51.2132,8.7868ZM30,58.0851A28.0851,28.0851,0,1,1,58.0851,30,28.1167,28.1167,0,0,1,30,58.0851Z\"><\/path><path d=\"M33.569,30.4323,45.7238,18.2775a.9431.9431,0,0,0,0-1.3337l-2.6675-2.6676a.9431.9431,0,0,0-1.3337,0l-9.5588,9.5589a.943.943,0,0,0,1.3336,1.3337l8.8919-8.892,1.3338,1.3338L33.1817,28.152a3.466,3.466,0,0,0-2.4228-1.721l-8.1536-8.1537a.9431.9431,0,0,0-1.3337,0l-2.6675,2.6675a.9431.9431,0,0,0,0,1.3337l8.1537,8.1536a3.4318,3.4318,0,0,0,.3872,1.0891L17.2762,41.39A.9431.9431,0,0,0,18.61,42.7238l9.8688-9.8689a3.455,3.455,0,0,0,5.09-2.4226Zm-6.4241-2.28-6.54-6.54,1.3338-1.3338,6.54,6.54A3.4825,3.4825,0,0,0,27.1449,28.1519Zm3.0185,3.2565a1.5719,1.5719,0,1,1,1.5718-1.5719A1.5663,1.5663,0,0,1,30.1634,31.4084Z\"><\/path><path d=\"M31,13V9a1,1,0,0,0-2,0v4a1,1,0,0,0,2,0Z\"><\/path><path d=\"M47,31h4a1,1,0,0,0,0-2H47a1,1,0,0,0,0,2Z\"><\/path><path d=\"M29,47v4a1,1,0,0,0,2,0V47a1,1,0,0,0-2,0Z\"><\/path><path d=\"M9,29a1,1,0,0,0,0,2h4a1,1,0,0,0,0-2Z\"><\/path><path d=\"M30,4A26,26,0,1,0,46.9272,49.7191a.9512.9512,0,1,0-1.24-1.4427,24.1258,24.1258,0,1,1,2.5894-2.5893.9513.9513,0,0,0,1.4427,1.24A25.9866,25.9866,0,0,0,30,4Z\"><\/path><\/svg>\t\t\t\t<\/span>\n\t\t\t<\/div>\n\t\t\t\n\t\t\t\t\t\t<div class=\"elementor-icon-box-content\">\n\n\t\t\t\t\t\t\t\t\t<h3 class=\"elementor-icon-box-title\">\n\t\t\t\t\t\t<span  >\n\t\t\t\t\t\t\tHORARIOS DE APERTURA\t\t\t\t\t\t<\/span>\n\t\t\t\t\t<\/h3>\n\t\t\t\t\n\t\t\t\t\t\t\t\t\t<p class=\"elementor-icon-box-description\">\n\t\t\t\t\t\tDe martes a domingo - 13:00 - 16:00\nViernes y s\u00e1bado - 21:00 - 23:00\t\t\t\t\t<\/p>\n\t\t\t\t\n\t\t\t<\/div>\n\t\t\t\n\t\t<\/div>\n\t\t\t\t\t\t<\/div>\n\t\t\t\t<\/div>\n\t\t\t\t<div class=\"elementor-element elementor-element-364b695 elementor-align-left elementor-mobile-align-left elementor-widget elementor-widget-button\" data-id=\"364b695\" data-element_type=\"widget\" data-widget_type=\"button.default\">\n\t\t\t\t<div class=\"elementor-widget-container\">\n\t\t\t\t\t\t\t\t\t<div class=\"elementor-button-wrapper\">\n\t\t\t\t\t<a class=\"elementor-button elementor-button-link elementor-size-sm\" href=\"https:\/\/www.calperedelmaset.com\/reserves\/\" target=\"_blank\">\n\t\t\t\t\t\t<span class=\"elementor-button-content-wrapper\">\n\t\t\t\t\t\t<span class=\"elementor-button-icon\">\n\t\t\t\t<svg aria-hidden=\"true\" class=\"e-font-icon-svg e-fas-angle-right\" viewBox=\"0 0 256 512\" xmlns=\"http:\/\/www.w3.org\/2000\/svg\"><path d=\"M224.3 273l-136 136c-9.4 9.4-24.6 9.4-33.9 0l-22.6-22.6c-9.4-9.4-9.4-24.6 0-33.9l96.4-96.4-96.4-96.4c-9.4-9.4-9.4-24.6 0-33.9L54.3 103c9.4-9.4 24.6-9.4 33.9 0l136 136c9.5 9.4 9.5 24.6.1 34z\"><\/path><\/svg>\t\t\t<\/span>\n\t\t\t\t\t\t\t\t\t<span class=\"elementor-button-text\">reserva una mesa<\/span>\n\t\t\t\t\t<\/span>\n\t\t\t\t\t<\/a>\n\t\t\t\t<\/div>\n\t\t\t\t\t\t\t\t<\/div>\n\t\t\t\t<\/div>\n\t\t\t\t<\/div>\n\t\t<div data-particle_enable=\"false\" data-particle-mobile-disabled=\"false\" class=\"elementor-element elementor-element-7bddabca e-con-full e-flex e-con e-child\" data-id=\"7bddabca\" data-element_type=\"container\">\n\t\t\t\t<div class=\"elementor-element elementor-element-8871055 elementor-widget elementor-widget-google_maps\" data-id=\"8871055\" data-element_type=\"widget\" data-settings=\"{&quot;motion_fx_motion_fx_scrolling&quot;:&quot;yes&quot;,&quot;motion_fx_translateY_effect&quot;:&quot;yes&quot;,&quot;motion_fx_translateY_direction&quot;:&quot;negative&quot;,&quot;motion_fx_translateY_speed&quot;:{&quot;unit&quot;:&quot;px&quot;,&quot;size&quot;:&quot;1&quot;,&quot;sizes&quot;:[]},&quot;motion_fx_translateY_affectedRange&quot;:{&quot;unit&quot;:&quot;%&quot;,&quot;size&quot;:&quot;&quot;,&quot;sizes&quot;:{&quot;start&quot;:0,&quot;end&quot;:100}},&quot;motion_fx_devices&quot;:[&quot;desktop&quot;,&quot;tablet&quot;,&quot;mobile&quot;]}\" data-widget_type=\"google_maps.default\">\n\t\t\t\t<div class=\"elementor-widget-container\">\n\t\t\t\t\t\t\t<div class=\"elementor-custom-embed\">\n\t\t\t<iframe loading=\"lazy\"\n\t\t\t\t\tsrc=\"https:\/\/maps.google.com\/maps?q=Cal%20Pere%20del%20Maset&#038;t=m&#038;z=17&#038;output=embed&#038;iwloc=near\"\n\t\t\t\t\ttitle=\"Cal Pere del Maset\"\n\t\t\t\t\taria-label=\"Cal Pere del Maset\"\n\t\t\t><\/iframe>\n\t\t<\/div>\n\t\t\t\t\t\t<\/div>\n\t\t\t\t<\/div>\n\t\t\t\t<\/div>\n\t\t\t\t\t<\/div>\n\t\t\t\t<\/div>\n\t\t\t\t<\/div>\n\t\t","protected":false},"excerpt":{"rendered":"<p>Para reservas o consultas contacta con nosotros Nos puedes encontrar: Phone icon Ll\u00e1manos 93.899.30.28 ADDRESS icon DIRECCI\u00d3N Ponent 20, Sant Pau d&#8217;Ordal correo electr\u00f3nico info@calperedelmaset.com OPENING HOURS icon HORARIOS DE APERTURA De martes a domingo &#8211; 13:00 &#8211; 16:00 Viernes y s\u00e1bado &#8211; 21:00 &#8211; 23:00 reserva una mesa<\/p>\n","protected":false},"author":3,"featured_media":0,"parent":0,"menu_order":0,"comment_status":"closed","ping_status":"closed","template":"elementor_header_footer","meta":{"footnotes":""},"class_list":["post-423","page","type-page","status-publish","hentry"],"yoast_head":"<!-- This site is optimized with the Yoast SEO plugin v24.8.1 - https:\/\/yoast.com\/wordpress\/plugins\/seo\/ -->\n<title>Contacto - Cal Pere del Maset<\/title>\n<meta name=\"robots\" content=\"index, follow, max-snippet:-1, max-image-preview:large, max-video-preview:-1\" \/>\n<link rel=\"canonical\" href=\"http:\/\/15.188.161.146\/es\/contacto\/\" \/>\n<meta property=\"og:locale\" content=\"es_ES\" \/>\n<meta property=\"og:type\" content=\"article\" \/>\n<meta property=\"og:title\" content=\"Contacto - Cal Pere del Maset\" \/>\n<meta property=\"og:description\" content=\"Para reservas o consultas contacta con nosotros Nos puedes encontrar: Phone icon Ll\u00e1manos 93.899.30.28 ADDRESS icon DIRECCI\u00d3N Ponent 20, Sant Pau d&#8217;Ordal correo electr\u00f3nico info@calperedelmaset.com OPENING HOURS icon HORARIOS DE APERTURA De martes a domingo &#8211; 13:00 &#8211; 16:00 Viernes y s\u00e1bado &#8211; 21:00 &#8211; 23:00 reserva una mesa\" \/>\n<meta property=\"og:url\" content=\"http:\/\/15.188.161.146\/es\/contacto\/\" \/>\n<meta property=\"og:site_name\" content=\"Cal Pere del Maset\" \/>\n<meta property=\"article:modified_time\" content=\"2025-10-09T08:46:24+00:00\" \/>\n<meta name=\"twitter:card\" content=\"summary_large_image\" \/>\n<script type=\"application\/ld+json\" class=\"yoast-schema-graph\">{\"@context\":\"https:\/\/schema.org\",\"@graph\":[{\"@type\":\"WebPage\",\"@id\":\"http:\/\/15.188.161.146\/es\/contacto\/\",\"url\":\"http:\/\/15.188.161.146\/es\/contacto\/\",\"name\":\"Contacto - Cal Pere del Maset\",\"isPartOf\":{\"@id\":\"https:\/\/www.calperedelmaset.com\/#website\"},\"datePublished\":\"2024-12-09T09:37:44+00:00\",\"dateModified\":\"2025-10-09T08:46:24+00:00\",\"breadcrumb\":{\"@id\":\"http:\/\/15.188.161.146\/es\/contacto\/#breadcrumb\"},\"inLanguage\":\"es\",\"potentialAction\":[{\"@type\":\"ReadAction\",\"target\":[\"http:\/\/15.188.161.146\/es\/contacto\/\"]}]},{\"@type\":\"BreadcrumbList\",\"@id\":\"http:\/\/15.188.161.146\/es\/contacto\/#breadcrumb\",\"itemListElement\":[{\"@type\":\"ListItem\",\"position\":1,\"name\":\"Portada\",\"item\":\"https:\/\/www.calperedelmaset.com\/es\/\"},{\"@type\":\"ListItem\",\"position\":2,\"name\":\"Contacto\"}]},{\"@type\":\"WebSite\",\"@id\":\"https:\/\/www.calperedelmaset.com\/#website\",\"url\":\"https:\/\/www.calperedelmaset.com\/\",\"name\":\"Cal Pere del Maset\",\"description\":\"Restaurant a Sant Pau d&#039;Ordal\",\"publisher\":{\"@id\":\"https:\/\/www.calperedelmaset.com\/#organization\"},\"potentialAction\":[{\"@type\":\"SearchAction\",\"target\":{\"@type\":\"EntryPoint\",\"urlTemplate\":\"https:\/\/www.calperedelmaset.com\/?s={search_term_string}\"},\"query-input\":{\"@type\":\"PropertyValueSpecification\",\"valueRequired\":true,\"valueName\":\"search_term_string\"}}],\"inLanguage\":\"es\"},{\"@type\":\"Organization\",\"@id\":\"https:\/\/www.calperedelmaset.com\/#organization\",\"name\":\"Cal Pere del Maset\",\"url\":\"https:\/\/www.calperedelmaset.com\/\",\"logo\":{\"@type\":\"ImageObject\",\"inLanguage\":\"es\",\"@id\":\"https:\/\/www.calperedelmaset.com\/#\/schema\/logo\/image\/\",\"url\":\"\/wp-content\/uploads\/2024\/12\/logo-quadrat--e1733738265704.png\",\"contentUrl\":\"\/wp-content\/uploads\/2024\/12\/logo-quadrat--e1733738265704.png\",\"width\":500,\"height\":207,\"caption\":\"Cal Pere del Maset\"},\"image\":{\"@id\":\"https:\/\/www.calperedelmaset.com\/#\/schema\/logo\/image\/\"}}]}<\/script>\n<!-- \/ Yoast SEO plugin. -->","yoast_head_json":{"title":"Contacto - Cal Pere del Maset","robots":{"index":"index","follow":"follow","max-snippet":"max-snippet:-1","max-image-preview":"max-image-preview:large","max-video-preview":"max-video-preview:-1"},"canonical":"http:\/\/15.188.161.146\/es\/contacto\/","og_locale":"es_ES","og_type":"article","og_title":"Contacto - Cal Pere del Maset","og_description":"Para reservas o consultas contacta con nosotros Nos puedes encontrar: Phone icon Ll\u00e1manos 93.899.30.28 ADDRESS icon DIRECCI\u00d3N Ponent 20, Sant Pau d&#8217;Ordal correo electr\u00f3nico info@calperedelmaset.com OPENING HOURS icon HORARIOS DE APERTURA De martes a domingo &#8211; 13:00 &#8211; 16:00 Viernes y s\u00e1bado &#8211; 21:00 &#8211; 23:00 reserva una mesa","og_url":"http:\/\/15.188.161.146\/es\/contacto\/","og_site_name":"Cal Pere del Maset","article_modified_time":"2025-10-09T08:46:24+00:00","twitter_card":"summary_large_image","schema":{"@context":"https:\/\/schema.org","@graph":[{"@type":"WebPage","@id":"http:\/\/15.188.161.146\/es\/contacto\/","url":"http:\/\/15.188.161.146\/es\/contacto\/","name":"Contacto - Cal Pere del Maset","isPartOf":{"@id":"https:\/\/www.calperedelmaset.com\/#website"},"datePublished":"2024-12-09T09:37:44+00:00","dateModified":"2025-10-09T08:46:24+00:00","breadcrumb":{"@id":"http:\/\/15.188.161.146\/es\/contacto\/#breadcrumb"},"inLanguage":"es","potentialAction":[{"@type":"ReadAction","target":["http:\/\/15.188.161.146\/es\/contacto\/"]}]},{"@type":"BreadcrumbList","@id":"http:\/\/15.188.161.146\/es\/contacto\/#breadcrumb","itemListElement":[{"@type":"ListItem","position":1,"name":"Portada","item":"https:\/\/www.calperedelmaset.com\/es\/"},{"@type":"ListItem","position":2,"name":"Contacto"}]},{"@type":"WebSite","@id":"https:\/\/www.calperedelmaset.com\/#website","url":"https:\/\/www.calperedelmaset.com\/","name":"Cal Pere del Maset","description":"Restaurant a Sant Pau d&#039;Ordal","publisher":{"@id":"https:\/\/www.calperedelmaset.com\/#organization"},"potentialAction":[{"@type":"SearchAction","target":{"@type":"EntryPoint","urlTemplate":"https:\/\/www.calperedelmaset.com\/?s={search_term_string}"},"query-input":{"@type":"PropertyValueSpecification","valueRequired":true,"valueName":"search_term_string"}}],"inLanguage":"es"},{"@type":"Organization","@id":"https:\/\/www.calperedelmaset.com\/#organization","name":"Cal Pere del Maset","url":"https:\/\/www.calperedelmaset.com\/","logo":{"@type":"ImageObject","inLanguage":"es","@id":"https:\/\/www.calperedelmaset.com\/#\/schema\/logo\/image\/","url":"\/wp-content\/uploads\/2024\/12\/logo-quadrat--e1733738265704.png","contentUrl":"\/wp-content\/uploads\/2024\/12\/logo-quadrat--e1733738265704.png","width":500,"height":207,"caption":"Cal Pere del Maset"},"image":{"@id":"https:\/\/www.calperedelmaset.com\/#\/schema\/logo\/image\/"}}]}},"_links":{"self":[{"href":"http:\/\/15.188.161.146\/es\/wp-json\/wp\/v2\/pages\/423","targetHints":{"allow":["GET"]}}],"collection":[{"href":"http:\/\/15.188.161.146\/es\/wp-json\/wp\/v2\/pages"}],"about":[{"href":"http:\/\/15.188.161.146\/es\/wp-json\/wp\/v2\/types\/page"}],"author":[{"embeddable":true,"href":"http:\/\/15.188.161.146\/es\/wp-json\/wp\/v2\/users\/3"}],"replies":[{"embeddable":true,"href":"http:\/\/15.188.161.146\/es\/wp-json\/wp\/v2\/comments?post=423"}],"version-history":[{"count":16,"href":"http:\/\/15.188.161.146\/es\/wp-json\/wp\/v2\/pages\/423\/revisions"}],"predecessor-version":[{"id":899,"href":"http:\/\/15.188.161.146\/es\/wp-json\/wp\/v2\/pages\/423\/revisions\/899"}],"wp:attachment":[{"href":"http:\/\/15.188.161.146\/es\/wp-json\/wp\/v2\/media?parent=423"}],"curies":[{"name":"wp","href":"https:\/\/api.w.org\/{rel}","templated":true}]}}