{"id":419,"date":"2024-12-09T10:37:52","date_gmt":"2024-12-09T09:37:52","guid":{"rendered":"https:\/\/calperedelmaset.inaudit.io\/cocina\/"},"modified":"2025-03-06T10:05:45","modified_gmt":"2025-03-06T09:05:45","slug":"cocina","status":"publish","type":"page","link":"http:\/\/15.188.161.146\/es\/cocina\/","title":{"rendered":"Cocina"},"content":{"rendered":"\t\t<div data-elementor-type=\"wp-page\" data-elementor-id=\"419\" class=\"elementor elementor-419 elementor-43\" data-elementor-post-type=\"page\">\n\t\t\t\t<div data-particle_enable=\"false\" data-particle-mobile-disabled=\"false\" class=\"elementor-element elementor-element-2c0cf867 e-flex e-con-boxed e-con e-parent\" data-id=\"2c0cf867\" data-element_type=\"container\" data-settings=\"{&quot;background_background&quot;:&quot;classic&quot;,&quot;background_motion_fx_motion_fx_scrolling&quot;:&quot;yes&quot;,&quot;background_motion_fx_translateY_effect&quot;:&quot;yes&quot;,&quot;background_motion_fx_translateY_direction&quot;:&quot;negative&quot;,&quot;background_motion_fx_translateY_speed&quot;:{&quot;unit&quot;:&quot;px&quot;,&quot;size&quot;:&quot;1&quot;,&quot;sizes&quot;:[]},&quot;background_motion_fx_translateY_affectedRange&quot;:{&quot;unit&quot;:&quot;%&quot;,&quot;size&quot;:&quot;&quot;,&quot;sizes&quot;:{&quot;start&quot;:0,&quot;end&quot;:100}},&quot;background_motion_fx_devices&quot;:[&quot;desktop&quot;,&quot;tablet&quot;,&quot;mobile&quot;]}\">\n\t\t\t\t\t<div class=\"e-con-inner\">\n\t\t\t\t<div class=\"elementor-element elementor-element-4f7eb10e elementor-widget elementor-widget-heading\" data-id=\"4f7eb10e\" data-element_type=\"widget\" data-widget_type=\"heading.default\">\n\t\t\t\t<div class=\"elementor-widget-container\">\n\t\t\t\t\t<h3 class=\"elementor-heading-title elementor-size-default\">nuestra<\/h3>\t\t\t\t<\/div>\n\t\t\t\t<\/div>\n\t\t\t\t<div class=\"elementor-element elementor-element-4f8c7afa elementor-widget elementor-widget-heading\" data-id=\"4f8c7afa\" data-element_type=\"widget\" data-widget_type=\"heading.default\">\n\t\t\t\t<div class=\"elementor-widget-container\">\n\t\t\t\t\t<h1 class=\"elementor-heading-title elementor-size-default\">cocina<\/h1>\t\t\t\t<\/div>\n\t\t\t\t<\/div>\n\t\t\t\t\t<\/div>\n\t\t\t\t<\/div>\n\t\t<div data-particle_enable=\"false\" data-particle-mobile-disabled=\"false\" class=\"elementor-element elementor-element-15db965 e-con-full e-flex e-con e-parent\" data-id=\"15db965\" data-element_type=\"container\">\n\t\t<div data-particle_enable=\"false\" data-particle-mobile-disabled=\"false\" class=\"elementor-element elementor-element-54a8a72d e-con-full e-flex e-con e-child\" data-id=\"54a8a72d\" data-element_type=\"container\">\n\t\t\t\t<div class=\"elementor-element elementor-element-446911f0 elementor-widget elementor-widget-image\" data-id=\"446911f0\" data-element_type=\"widget\" data-widget_type=\"image.default\">\n\t\t\t\t<div class=\"elementor-widget-container\">\n\t\t\t\t\t\t\t\t\t\t\t\t\t\t\t<img fetchpriority=\"high\" decoding=\"async\" width=\"2560\" height=\"1707\" src=\"\/wp-content\/uploads\/2024\/12\/plat_canelons-scaled.jpg\" class=\"attachment-full size-full wp-image-206\" alt=\"\" srcset=\"\/wp-content\/uploads\/2024\/12\/plat_canelons-scaled.jpg 2560w, \/wp-content\/uploads\/2024\/12\/plat_canelons-300x200.jpg 300w, \/wp-content\/uploads\/2024\/12\/plat_canelons-1024x683.jpg 1024w, \/wp-content\/uploads\/2024\/12\/plat_canelons-768x512.jpg 768w, \/wp-content\/uploads\/2024\/12\/plat_canelons-1536x1024.jpg 1536w, \/wp-content\/uploads\/2024\/12\/plat_canelons-2048x1365.jpg 2048w\" sizes=\"(max-width: 2560px) 100vw, 2560px\" \/>\t\t\t\t\t\t\t\t\t\t\t\t\t\t\t<\/div>\n\t\t\t\t<\/div>\n\t\t\t\t<\/div>\n\t\t<div data-particle_enable=\"false\" data-particle-mobile-disabled=\"false\" class=\"elementor-element elementor-element-16415c52 e-con-full e-flex e-con e-child\" data-id=\"16415c52\" data-element_type=\"container\">\n\t\t\t\t<div class=\"elementor-element elementor-element-567cc517 elementor-widget elementor-widget-heading\" data-id=\"567cc517\" data-element_type=\"widget\" data-widget_type=\"heading.default\">\n\t\t\t\t<div class=\"elementor-widget-container\">\n\t\t\t\t\t<h3 class=\"elementor-heading-title elementor-size-default\">Cuidamos el producto<\/h3>\t\t\t\t<\/div>\n\t\t\t\t<\/div>\n\t\t\t\t<div class=\"elementor-element elementor-element-1904f731 elementor-widget elementor-widget-heading\" data-id=\"1904f731\" data-element_type=\"widget\" data-widget_type=\"heading.default\">\n\t\t\t\t<div class=\"elementor-widget-container\">\n\t\t\t\t\t<h2 class=\"elementor-heading-title elementor-size-default\">TEMPORADA Y PROXIMIDAD<\/h2>\t\t\t\t<\/div>\n\t\t\t\t<\/div>\n\t\t\t\t<div class=\"elementor-element elementor-element-6ebc2627 elementor-widget elementor-widget-text-editor\" data-id=\"6ebc2627\" data-element_type=\"widget\" data-widget_type=\"text-editor.default\">\n\t\t\t\t<div class=\"elementor-widget-container\">\n\t\t\t\t\t\t\t\t\t<p>Combinamos la cocina tradicional de los abuelos, con los matices de vanguardia gastron\u00f3mica que tenemos hoy en d\u00eda. Amamos nuestra tierra y sentimos como propios los guisantes de Llavaneres, la ternera de Girona, las gambas de Vilanova o las alcachofas del Prat. El Gall del Pened\u00e8s, el melocot\u00f3n de Sant Pau de Ordal y el tomate de Montserrat. Nos sabemos privilegiados tener al alcance estos tesoros y nuestra cocina es la expresi\u00f3n m\u00e1s sincera de nuestra pasi\u00f3n. Esperamos que le guste.<\/p>\t\t\t\t\t\t\t\t<\/div>\n\t\t\t\t<\/div>\n\t\t\t\t<div class=\"elementor-element elementor-element-24efd3f6 elementor-align-left elementor-mobile-align-center elementor-tablet-align-center elementor-widget elementor-widget-button\" data-id=\"24efd3f6\" data-element_type=\"widget\" data-widget_type=\"button.default\">\n\t\t\t\t<div class=\"elementor-widget-container\">\n\t\t\t\t\t\t\t\t\t<div class=\"elementor-button-wrapper\">\n\t\t\t\t\t<a class=\"elementor-button elementor-button-link elementor-size-sm\" href=\"https:\/\/library.elemhttps:\/\/widget.thefork.com\/f0728dcb-c88e-4b79-91b0-8093881717b2entor.com\/italian-cuisine\/contact-us\/\" target=\"_blank\">\n\t\t\t\t\t\t<span class=\"elementor-button-content-wrapper\">\n\t\t\t\t\t\t<span class=\"elementor-button-icon\">\n\t\t\t\t<svg aria-hidden=\"true\" class=\"e-font-icon-svg e-fas-angle-right\" viewBox=\"0 0 256 512\" xmlns=\"http:\/\/www.w3.org\/2000\/svg\"><path d=\"M224.3 273l-136 136c-9.4 9.4-24.6 9.4-33.9 0l-22.6-22.6c-9.4-9.4-9.4-24.6 0-33.9l96.4-96.4-96.4-96.4c-9.4-9.4-9.4-24.6 0-33.9L54.3 103c9.4-9.4 24.6-9.4 33.9 0l136 136c9.5 9.4 9.5 24.6.1 34z\"><\/path><\/svg>\t\t\t<\/span>\n\t\t\t\t\t\t\t\t\t<span class=\"elementor-button-text\">Reserva una mesa<\/span>\n\t\t\t\t\t<\/span>\n\t\t\t\t\t<\/a>\n\t\t\t\t<\/div>\n\t\t\t\t\t\t\t\t<\/div>\n\t\t\t\t<\/div>\n\t\t\t\t<\/div>\n\t\t\t\t<\/div>\n\t\t<div data-particle_enable=\"false\" data-particle-mobile-disabled=\"false\" class=\"elementor-element elementor-element-78edb5c3 e-flex e-con-boxed e-con e-parent\" data-id=\"78edb5c3\" data-element_type=\"container\">\n\t\t\t\t\t<div class=\"e-con-inner\">\n\t\t\t\t<div class=\"elementor-element elementor-element-45341f0 elementor-widget elementor-widget-image\" data-id=\"45341f0\" data-element_type=\"widget\" data-settings=\"{&quot;motion_fx_motion_fx_scrolling&quot;:&quot;yes&quot;,&quot;motion_fx_translateY_effect&quot;:&quot;yes&quot;,&quot;motion_fx_translateY_direction&quot;:&quot;negative&quot;,&quot;motion_fx_translateY_speed&quot;:{&quot;unit&quot;:&quot;px&quot;,&quot;size&quot;:&quot;1&quot;,&quot;sizes&quot;:[]},&quot;motion_fx_devices&quot;:[&quot;desktop&quot;,&quot;tablet&quot;],&quot;motion_fx_translateY_affectedRange&quot;:{&quot;unit&quot;:&quot;%&quot;,&quot;size&quot;:&quot;&quot;,&quot;sizes&quot;:{&quot;start&quot;:0,&quot;end&quot;:100}}}\" data-widget_type=\"image.default\">\n\t\t\t\t<div class=\"elementor-widget-container\">\n\t\t\t\t\t\t\t\t\t\t\t\t\t\t\t<img decoding=\"async\" width=\"500\" height=\"643\" src=\"\/wp-content\/uploads\/2024\/12\/cuinant_mare-1.jpg\" class=\"attachment-full size-full wp-image-248\" alt=\"\" srcset=\"\/wp-content\/uploads\/2024\/12\/cuinant_mare-1.jpg 500w, \/wp-content\/uploads\/2024\/12\/cuinant_mare-1-233x300.jpg 233w\" sizes=\"(max-width: 500px) 100vw, 500px\" \/>\t\t\t\t\t\t\t\t\t\t\t\t\t\t\t<\/div>\n\t\t\t\t<\/div>\n\t\t\t\t<div class=\"elementor-element elementor-element-6b491393 elementor-widget elementor-widget-image\" data-id=\"6b491393\" data-element_type=\"widget\" data-settings=\"{&quot;motion_fx_motion_fx_scrolling&quot;:&quot;yes&quot;,&quot;motion_fx_translateY_effect&quot;:&quot;yes&quot;,&quot;motion_fx_translateY_speed&quot;:{&quot;unit&quot;:&quot;px&quot;,&quot;size&quot;:&quot;1&quot;,&quot;sizes&quot;:[]},&quot;motion_fx_devices&quot;:[&quot;desktop&quot;,&quot;tablet&quot;],&quot;motion_fx_translateY_affectedRange&quot;:{&quot;unit&quot;:&quot;%&quot;,&quot;size&quot;:&quot;&quot;,&quot;sizes&quot;:{&quot;start&quot;:0,&quot;end&quot;:100}}}\" data-widget_type=\"image.default\">\n\t\t\t\t<div class=\"elementor-widget-container\">\n\t\t\t\t\t\t\t\t\t\t\t\t\t\t\t<img decoding=\"async\" width=\"500\" height=\"650\" src=\"\/wp-content\/uploads\/2024\/12\/plat_tronc_orio-1.jpg\" class=\"attachment-full size-full wp-image-249\" alt=\"\" srcset=\"\/wp-content\/uploads\/2024\/12\/plat_tronc_orio-1.jpg 500w, \/wp-content\/uploads\/2024\/12\/plat_tronc_orio-1-231x300.jpg 231w\" sizes=\"(max-width: 500px) 100vw, 500px\" \/>\t\t\t\t\t\t\t\t\t\t\t\t\t\t\t<\/div>\n\t\t\t\t<\/div>\n\t\t\t\t<div class=\"elementor-element elementor-element-74dcee1 elementor-widget elementor-widget-image\" data-id=\"74dcee1\" data-element_type=\"widget\" data-settings=\"{&quot;motion_fx_motion_fx_scrolling&quot;:&quot;yes&quot;,&quot;motion_fx_translateY_effect&quot;:&quot;yes&quot;,&quot;motion_fx_translateY_direction&quot;:&quot;negative&quot;,&quot;motion_fx_translateY_speed&quot;:{&quot;unit&quot;:&quot;px&quot;,&quot;size&quot;:&quot;1&quot;,&quot;sizes&quot;:[]},&quot;motion_fx_devices&quot;:[&quot;desktop&quot;,&quot;tablet&quot;],&quot;motion_fx_translateY_affectedRange&quot;:{&quot;unit&quot;:&quot;%&quot;,&quot;size&quot;:&quot;&quot;,&quot;sizes&quot;:{&quot;start&quot;:0,&quot;end&quot;:100}}}\" data-widget_type=\"image.default\">\n\t\t\t\t<div class=\"elementor-widget-container\">\n\t\t\t\t\t\t\t\t\t\t\t\t\t\t\t<img loading=\"lazy\" decoding=\"async\" width=\"500\" height=\"651\" src=\"\/wp-content\/uploads\/2024\/12\/cuinant_mare_pere-1.jpg\" class=\"attachment-full size-full wp-image-247\" alt=\"\" srcset=\"\/wp-content\/uploads\/2024\/12\/cuinant_mare_pere-1.jpg 500w, \/wp-content\/uploads\/2024\/12\/cuinant_mare_pere-1-230x300.jpg 230w\" sizes=\"(max-width: 500px) 100vw, 500px\" \/>\t\t\t\t\t\t\t\t\t\t\t\t\t\t\t<\/div>\n\t\t\t\t<\/div>\n\t\t\t\t\t<\/div>\n\t\t\t\t<\/div>\n\t\t\t\t<\/div>\n\t\t","protected":false},"excerpt":{"rendered":"<p>nuestra cocina Cuidamos el producto TEMPORADA Y PROXIMIDAD Combinamos la cocina tradicional de los abuelos, con los matices de vanguardia gastron\u00f3mica que tenemos hoy en d\u00eda. Amamos nuestra tierra y sentimos como propios los guisantes de Llavaneres, la ternera de Girona, las gambas de Vilanova o las alcachofas del Prat. El Gall del Pened\u00e8s, el [&hellip;]<\/p>\n","protected":false},"author":3,"featured_media":0,"parent":0,"menu_order":0,"comment_status":"closed","ping_status":"closed","template":"elementor_header_footer","meta":{"footnotes":""},"class_list":["post-419","page","type-page","status-publish","hentry"],"yoast_head":"<!-- This site is optimized with the Yoast SEO plugin v24.8.1 - https:\/\/yoast.com\/wordpress\/plugins\/seo\/ -->\n<title>Cocina - Cal Pere del Maset<\/title>\n<meta name=\"robots\" content=\"index, follow, max-snippet:-1, max-image-preview:large, max-video-preview:-1\" \/>\n<link rel=\"canonical\" href=\"http:\/\/15.188.161.146\/es\/cocina\/\" \/>\n<meta property=\"og:locale\" content=\"es_ES\" \/>\n<meta property=\"og:type\" content=\"article\" \/>\n<meta property=\"og:title\" content=\"Cocina - Cal Pere del Maset\" \/>\n<meta property=\"og:description\" content=\"nuestra cocina Cuidamos el producto TEMPORADA Y PROXIMIDAD Combinamos la cocina tradicional de los abuelos, con los matices de vanguardia gastron\u00f3mica que tenemos hoy en d\u00eda. Amamos nuestra tierra y sentimos como propios los guisantes de Llavaneres, la ternera de Girona, las gambas de Vilanova o las alcachofas del Prat. El Gall del Pened\u00e8s, el [&hellip;]\" \/>\n<meta property=\"og:url\" content=\"http:\/\/15.188.161.146\/es\/cocina\/\" \/>\n<meta property=\"og:site_name\" content=\"Cal Pere del Maset\" \/>\n<meta property=\"article:modified_time\" content=\"2025-03-06T09:05:45+00:00\" \/>\n<meta name=\"twitter:card\" content=\"summary_large_image\" \/>\n<script type=\"application\/ld+json\" class=\"yoast-schema-graph\">{\"@context\":\"https:\/\/schema.org\",\"@graph\":[{\"@type\":\"WebPage\",\"@id\":\"http:\/\/15.188.161.146\/es\/cocina\/\",\"url\":\"http:\/\/15.188.161.146\/es\/cocina\/\",\"name\":\"Cocina - Cal Pere del Maset\",\"isPartOf\":{\"@id\":\"https:\/\/www.calperedelmaset.com\/#website\"},\"datePublished\":\"2024-12-09T09:37:52+00:00\",\"dateModified\":\"2025-03-06T09:05:45+00:00\",\"breadcrumb\":{\"@id\":\"http:\/\/15.188.161.146\/es\/cocina\/#breadcrumb\"},\"inLanguage\":\"es\",\"potentialAction\":[{\"@type\":\"ReadAction\",\"target\":[\"http:\/\/15.188.161.146\/es\/cocina\/\"]}]},{\"@type\":\"BreadcrumbList\",\"@id\":\"http:\/\/15.188.161.146\/es\/cocina\/#breadcrumb\",\"itemListElement\":[{\"@type\":\"ListItem\",\"position\":1,\"name\":\"Portada\",\"item\":\"https:\/\/www.calperedelmaset.com\/es\/\"},{\"@type\":\"ListItem\",\"position\":2,\"name\":\"Cocina\"}]},{\"@type\":\"WebSite\",\"@id\":\"https:\/\/www.calperedelmaset.com\/#website\",\"url\":\"https:\/\/www.calperedelmaset.com\/\",\"name\":\"Cal Pere del Maset\",\"description\":\"Restaurant a Sant Pau d&#039;Ordal\",\"publisher\":{\"@id\":\"https:\/\/www.calperedelmaset.com\/#organization\"},\"potentialAction\":[{\"@type\":\"SearchAction\",\"target\":{\"@type\":\"EntryPoint\",\"urlTemplate\":\"https:\/\/www.calperedelmaset.com\/?s={search_term_string}\"},\"query-input\":{\"@type\":\"PropertyValueSpecification\",\"valueRequired\":true,\"valueName\":\"search_term_string\"}}],\"inLanguage\":\"es\"},{\"@type\":\"Organization\",\"@id\":\"https:\/\/www.calperedelmaset.com\/#organization\",\"name\":\"Cal Pere del Maset\",\"url\":\"https:\/\/www.calperedelmaset.com\/\",\"logo\":{\"@type\":\"ImageObject\",\"inLanguage\":\"es\",\"@id\":\"https:\/\/www.calperedelmaset.com\/#\/schema\/logo\/image\/\",\"url\":\"\/wp-content\/uploads\/2024\/12\/logo-quadrat--e1733738265704.png\",\"contentUrl\":\"\/wp-content\/uploads\/2024\/12\/logo-quadrat--e1733738265704.png\",\"width\":500,\"height\":207,\"caption\":\"Cal Pere del Maset\"},\"image\":{\"@id\":\"https:\/\/www.calperedelmaset.com\/#\/schema\/logo\/image\/\"}}]}<\/script>\n<!-- \/ Yoast SEO plugin. -->","yoast_head_json":{"title":"Cocina - Cal Pere del Maset","robots":{"index":"index","follow":"follow","max-snippet":"max-snippet:-1","max-image-preview":"max-image-preview:large","max-video-preview":"max-video-preview:-1"},"canonical":"http:\/\/15.188.161.146\/es\/cocina\/","og_locale":"es_ES","og_type":"article","og_title":"Cocina - Cal Pere del Maset","og_description":"nuestra cocina Cuidamos el producto TEMPORADA Y PROXIMIDAD Combinamos la cocina tradicional de los abuelos, con los matices de vanguardia gastron\u00f3mica que tenemos hoy en d\u00eda. Amamos nuestra tierra y sentimos como propios los guisantes de Llavaneres, la ternera de Girona, las gambas de Vilanova o las alcachofas del Prat. El Gall del Pened\u00e8s, el [&hellip;]","og_url":"http:\/\/15.188.161.146\/es\/cocina\/","og_site_name":"Cal Pere del Maset","article_modified_time":"2025-03-06T09:05:45+00:00","twitter_card":"summary_large_image","schema":{"@context":"https:\/\/schema.org","@graph":[{"@type":"WebPage","@id":"http:\/\/15.188.161.146\/es\/cocina\/","url":"http:\/\/15.188.161.146\/es\/cocina\/","name":"Cocina - Cal Pere del Maset","isPartOf":{"@id":"https:\/\/www.calperedelmaset.com\/#website"},"datePublished":"2024-12-09T09:37:52+00:00","dateModified":"2025-03-06T09:05:45+00:00","breadcrumb":{"@id":"http:\/\/15.188.161.146\/es\/cocina\/#breadcrumb"},"inLanguage":"es","potentialAction":[{"@type":"ReadAction","target":["http:\/\/15.188.161.146\/es\/cocina\/"]}]},{"@type":"BreadcrumbList","@id":"http:\/\/15.188.161.146\/es\/cocina\/#breadcrumb","itemListElement":[{"@type":"ListItem","position":1,"name":"Portada","item":"https:\/\/www.calperedelmaset.com\/es\/"},{"@type":"ListItem","position":2,"name":"Cocina"}]},{"@type":"WebSite","@id":"https:\/\/www.calperedelmaset.com\/#website","url":"https:\/\/www.calperedelmaset.com\/","name":"Cal Pere del Maset","description":"Restaurant a Sant Pau d&#039;Ordal","publisher":{"@id":"https:\/\/www.calperedelmaset.com\/#organization"},"potentialAction":[{"@type":"SearchAction","target":{"@type":"EntryPoint","urlTemplate":"https:\/\/www.calperedelmaset.com\/?s={search_term_string}"},"query-input":{"@type":"PropertyValueSpecification","valueRequired":true,"valueName":"search_term_string"}}],"inLanguage":"es"},{"@type":"Organization","@id":"https:\/\/www.calperedelmaset.com\/#organization","name":"Cal Pere del Maset","url":"https:\/\/www.calperedelmaset.com\/","logo":{"@type":"ImageObject","inLanguage":"es","@id":"https:\/\/www.calperedelmaset.com\/#\/schema\/logo\/image\/","url":"\/wp-content\/uploads\/2024\/12\/logo-quadrat--e1733738265704.png","contentUrl":"\/wp-content\/uploads\/2024\/12\/logo-quadrat--e1733738265704.png","width":500,"height":207,"caption":"Cal Pere del Maset"},"image":{"@id":"https:\/\/www.calperedelmaset.com\/#\/schema\/logo\/image\/"}}]}},"_links":{"self":[{"href":"http:\/\/15.188.161.146\/es\/wp-json\/wp\/v2\/pages\/419","targetHints":{"allow":["GET"]}}],"collection":[{"href":"http:\/\/15.188.161.146\/es\/wp-json\/wp\/v2\/pages"}],"about":[{"href":"http:\/\/15.188.161.146\/es\/wp-json\/wp\/v2\/types\/page"}],"author":[{"embeddable":true,"href":"http:\/\/15.188.161.146\/es\/wp-json\/wp\/v2\/users\/3"}],"replies":[{"embeddable":true,"href":"http:\/\/15.188.161.146\/es\/wp-json\/wp\/v2\/comments?post=419"}],"version-history":[{"count":3,"href":"http:\/\/15.188.161.146\/es\/wp-json\/wp\/v2\/pages\/419\/revisions"}],"predecessor-version":[{"id":868,"href":"http:\/\/15.188.161.146\/es\/wp-json\/wp\/v2\/pages\/419\/revisions\/868"}],"wp:attachment":[{"href":"http:\/\/15.188.161.146\/es\/wp-json\/wp\/v2\/media?parent=419"}],"curies":[{"name":"wp","href":"https:\/\/api.w.org\/{rel}","templated":true}]}}